{"id":6495,"date":"2022-12-22T22:24:23","date_gmt":"2022-12-22T22:24:23","guid":{"rendered":"https:\/\/dockteaterntittut.se\/en\/?page_id=6495"},"modified":"2026-03-31T12:17:12","modified_gmt":"2026-03-31T12:17:12","slug":"dockteatern-tittut","status":"publish","type":"page","link":"https:\/\/dockteaterntittut.se\/en\/","title":{"rendered":"Dockteatern Tittut"},"content":{"rendered":"\t\t<div data-elementor-type=\"wp-page\" data-elementor-id=\"6495\" class=\"elementor elementor-6495\" data-elementor-post-type=\"page\">\n\t\t\t\t\t\t<section class=\"elementor-section elementor-top-section elementor-element elementor-element-62ab8144 elementor-section-full_width elementor-section-height-min-height elementor-section-items-stretch animated-slow elementor-section-height-default elementor-invisible\" data-id=\"62ab8144\" data-element_type=\"section\" data-e-type=\"section\" data-settings=\"{&quot;animation&quot;:&quot;fadeIn&quot;}\">\n\t\t\t\t\t\t<div class=\"elementor-container elementor-column-gap-default\">\n\t\t\t\t\t<div class=\"elementor-column elementor-col-100 elementor-top-column elementor-element elementor-element-133a9204 animated-slow elementor-invisible\" data-id=\"133a9204\" data-element_type=\"column\" data-e-type=\"column\" data-settings=\"{&quot;background_background&quot;:&quot;classic&quot;,&quot;animation&quot;:&quot;fadeIn&quot;}\">\n\t\t\t<div class=\"elementor-widget-wrap elementor-element-populated\">\n\t\t\t\t\t\t<div class=\"elementor-element elementor-element-22fd5770 elementor-widget elementor-widget-text-editor\" data-id=\"22fd5770\" data-element_type=\"widget\" data-e-type=\"widget\" data-widget_type=\"text-editor.default\">\n\t\t\t\t<div class=\"elementor-widget-container\">\n\t\t\t\t\t\t\t\t\t<p>A great little theatre<br \/>big experiences<\/p>\t\t\t\t\t\t\t\t<\/div>\n\t\t\t\t<\/div>\n\t\t\t\t\t<\/div>\n\t\t<\/div>\n\t\t\t\t\t<\/div>\n\t\t<\/section>\n\t\t\t\t<section class=\"elementor-section elementor-top-section elementor-element elementor-element-2154e9e0 elementor-section-full_width elementor-section-height-default elementor-section-height-default\" data-id=\"2154e9e0\" data-element_type=\"section\" data-e-type=\"section\" data-settings=\"{&quot;animation&quot;:&quot;none&quot;}\">\n\t\t\t\t\t\t<div class=\"elementor-container elementor-column-gap-default\">\n\t\t\t\t\t<div class=\"elementor-column elementor-col-33 elementor-top-column elementor-element elementor-element-50c1004e elementor-invisible\" data-id=\"50c1004e\" data-element_type=\"column\" data-e-type=\"column\" data-settings=\"{&quot;animation&quot;:&quot;fadeInLeft&quot;}\">\n\t\t\t<div class=\"elementor-widget-wrap elementor-element-populated\">\n\t\t\t\t\t\t<div class=\"elementor-element elementor-element-7d68885 elementor-cta--skin-cover elementor-widget elementor-widget-call-to-action\" data-id=\"7d68885\" data-element_type=\"widget\" data-e-type=\"widget\" data-widget_type=\"call-to-action.default\">\n\t\t\t\t<div class=\"elementor-widget-container\">\n\t\t\t\t\t\t\t<a class=\"elementor-cta\" href=\"https:\/\/dockteaterntittut.se\/en\/in-the-land-of-twilight\/\">\n\t\t\t\t\t<div class=\"elementor-cta__bg-wrapper\">\n\t\t\t\t<div class=\"elementor-cta__bg elementor-bg\" style=\"background-image: url(https:\/\/dockteaterntittut.se\/en\/wp-content\/uploads\/2024\/11\/I-Skymningslandet.-Goran-pa-hustak.-Foto-Markus-Garder-scaled.jpg);\" role=\"img\" aria-label=\"I Skymningslandet. G\u00f6ran p\u00e5 hustak. Foto Markus G\u00e5rder\"><\/div>\n\t\t\t\t<div class=\"elementor-cta__bg-overlay\"><\/div>\n\t\t\t<\/div>\n\t\t\t\t\t\t\t<div class=\"elementor-cta__content\">\n\t\t\t\t\n\t\t\t\t\t\t\t\t\t<h2 class=\"elementor-cta__title elementor-cta__content-item elementor-content-item\">\n\t\t\t\t\t\tIn the land of twilight\t\t\t\t\t<\/h2>\n\t\t\t\t\n\t\t\t\t\t\t\t\t\t<div class=\"elementor-cta__description elementor-cta__content-item elementor-content-item\">\n\t\t\t\t\t\t<span style=\"line-height:1.5em\">3 - 7 years<\/span>\t\t\t\t\t<\/div>\n\t\t\t\t\n\t\t\t\t\t\t\t<\/div>\n\t\t\t\t\t\t<\/a>\n\t\t\t\t\t\t<\/div>\n\t\t\t\t<\/div>\n\t\t\t\t\t<\/div>\n\t\t<\/div>\n\t\t\t\t<div class=\"elementor-column elementor-col-33 elementor-top-column elementor-element elementor-element-5c4530bb elementor-invisible\" data-id=\"5c4530bb\" data-element_type=\"column\" data-e-type=\"column\" data-settings=\"{&quot;animation&quot;:&quot;fadeInLeft&quot;}\">\n\t\t\t<div class=\"elementor-widget-wrap elementor-element-populated\">\n\t\t\t\t\t\t<div class=\"elementor-element elementor-element-e4618e8 elementor-cta--skin-cover elementor-widget elementor-widget-call-to-action\" data-id=\"e4618e8\" data-element_type=\"widget\" data-e-type=\"widget\" data-widget_type=\"call-to-action.default\">\n\t\t\t\t<div class=\"elementor-widget-container\">\n\t\t\t\t\t\t\t<a class=\"elementor-cta\" href=\"https:\/\/dockteaterntittut.se\/en\/lorpans-longing\/\">\n\t\t\t\t\t<div class=\"elementor-cta__bg-wrapper\">\n\t\t\t\t<div class=\"elementor-cta__bg elementor-bg\" style=\"background-image: url(https:\/\/dockteaterntittut.se\/en\/wp-content\/uploads\/2024\/04\/Lorpan-langtar.-Foto-Markus-Garder-scaled-1.jpg);\" role=\"img\" aria-label=\"Lorpan-langtar.-Foto-Markus-Garder-scaled.jpg\"><\/div>\n\t\t\t\t<div class=\"elementor-cta__bg-overlay\"><\/div>\n\t\t\t<\/div>\n\t\t\t\t\t\t\t<div class=\"elementor-cta__content\">\n\t\t\t\t\n\t\t\t\t\t\t\t\t\t<h2 class=\"elementor-cta__title elementor-cta__content-item elementor-content-item\">\n\t\t\t\t\t\tLorpan's longing\t\t\t\t\t<\/h2>\n\t\t\t\t\n\t\t\t\t\t\t\t\t\t<div class=\"elementor-cta__description elementor-cta__content-item elementor-content-item\">\n\t\t\t\t\t\t<span style=\"line-height:1.5em\">2,5 - 6 years\t\t\t\t\t<\/div>\n\t\t\t\t\n\t\t\t\t\t\t\t<\/div>\n\t\t\t\t\t\t<\/a>\n\t\t\t\t\t\t<\/div>\n\t\t\t\t<\/div>\n\t\t\t\t\t<\/div>\n\t\t<\/div>\n\t\t\t\t<div class=\"elementor-column elementor-col-33 elementor-top-column elementor-element elementor-element-4527d5ef elementor-invisible\" data-id=\"4527d5ef\" data-element_type=\"column\" data-e-type=\"column\" data-settings=\"{&quot;animation&quot;:&quot;fadeInLeft&quot;}\">\n\t\t\t<div class=\"elementor-widget-wrap elementor-element-populated\">\n\t\t\t\t\t\t<div class=\"elementor-element elementor-element-6d7127a elementor-cta--skin-cover elementor-widget elementor-widget-call-to-action\" data-id=\"6d7127a\" data-element_type=\"widget\" data-e-type=\"widget\" data-widget_type=\"call-to-action.default\">\n\t\t\t\t<div class=\"elementor-widget-container\">\n\t\t\t\t\t\t\t<a class=\"elementor-cta\" href=\"https:\/\/dockteaterntittut.se\/en\/treo-enis-one-more\/\">\n\t\t\t\t\t<div class=\"elementor-cta__bg-wrapper\">\n\t\t\t\t<div class=\"elementor-cta__bg elementor-bg\" style=\"background-image: url(https:\/\/dockteaterntittut.se\/en\/wp-content\/uploads\/2026\/03\/Lagupplost-Treo-4.jpg);\" role=\"img\" aria-label=\"L\u00e5guppl\u00f6st Treo 4\"><\/div>\n\t\t\t\t<div class=\"elementor-cta__bg-overlay\"><\/div>\n\t\t\t<\/div>\n\t\t\t\t\t\t\t<div class=\"elementor-cta__content\">\n\t\t\t\t\n\t\t\t\t\t\t\t\t\t<h2 class=\"elementor-cta__title elementor-cta__content-item elementor-content-item\">\n\t\t\t\t\t\tTreo, Enis &amp; one more\t\t\t\t\t<\/h2>\n\t\t\t\t\n\t\t\t\t\t\t\t\t\t<div class=\"elementor-cta__description elementor-cta__content-item elementor-content-item\">\n\t\t\t\t\t\t2,5 - 6 years\t\t\t\t\t<\/div>\n\t\t\t\t\n\t\t\t\t\t\t\t<\/div>\n\t\t\t\t\t\t<\/a>\n\t\t\t\t\t\t<\/div>\n\t\t\t\t<\/div>\n\t\t\t\t\t<\/div>\n\t\t<\/div>\n\t\t\t\t\t<\/div>\n\t\t<\/section>\n\t\t\t\t<section class=\"elementor-section elementor-top-section elementor-element elementor-element-7a488fc0 elementor-section-full_width elementor-section-height-default elementor-section-height-default\" data-id=\"7a488fc0\" data-element_type=\"section\" data-e-type=\"section\" data-settings=\"{&quot;animation&quot;:&quot;none&quot;}\">\n\t\t\t\t\t\t<div class=\"elementor-container elementor-column-gap-default\">\n\t\t\t\t\t<div class=\"elementor-column elementor-col-33 elementor-top-column elementor-element elementor-element-d6c7a9d elementor-invisible\" data-id=\"d6c7a9d\" data-element_type=\"column\" data-e-type=\"column\" data-settings=\"{&quot;animation&quot;:&quot;fadeInRight&quot;}\">\n\t\t\t<div class=\"elementor-widget-wrap elementor-element-populated\">\n\t\t\t\t\t\t<div class=\"elementor-element elementor-element-388e6d60 elementor-cta--skin-cover elementor-widget elementor-widget-call-to-action\" data-id=\"388e6d60\" data-element_type=\"widget\" data-e-type=\"widget\" data-widget_type=\"call-to-action.default\">\n\t\t\t\t<div class=\"elementor-widget-container\">\n\t\t\t\t\t\t\t<a class=\"elementor-cta\" href=\"https:\/\/dockteaterntittut.se\/en\/baby-theatre\/\">\n\t\t\t\t\t<div class=\"elementor-cta__bg-wrapper\">\n\t\t\t\t<div class=\"elementor-cta__bg elementor-bg\" style=\"background-image: url(https:\/\/dockteaterntittut.se\/en\/wp-content\/uploads\/2022\/09\/babysalong.jpg);\" role=\"img\" aria-label=\"babysalong\"><\/div>\n\t\t\t\t<div class=\"elementor-cta__bg-overlay\"><\/div>\n\t\t\t<\/div>\n\t\t\t\t\t\t\t<div class=\"elementor-cta__content\">\n\t\t\t\t\n\t\t\t\t\t\t\t\t\t<h2 class=\"elementor-cta__title elementor-cta__content-item elementor-content-item\">\n\t\t\t\t\t\tBaby theatre\t\t\t\t\t<\/h2>\n\t\t\t\t\n\t\t\t\t\t\t\t\t\t<div class=\"elementor-cta__description elementor-cta__content-item elementor-content-item\">\n\t\t\t\t\t\t3 - 18 months\t\t\t\t\t<\/div>\n\t\t\t\t\n\t\t\t\t\t\t\t<\/div>\n\t\t\t\t\t\t<\/a>\n\t\t\t\t\t\t<\/div>\n\t\t\t\t<\/div>\n\t\t\t\t\t<\/div>\n\t\t<\/div>\n\t\t\t\t<div class=\"elementor-column elementor-col-33 elementor-top-column elementor-element elementor-element-1d55569d elementor-invisible\" data-id=\"1d55569d\" data-element_type=\"column\" data-e-type=\"column\" data-settings=\"{&quot;animation&quot;:&quot;fadeInRight&quot;}\">\n\t\t\t<div class=\"elementor-widget-wrap elementor-element-populated\">\n\t\t\t\t\t\t<div class=\"elementor-element elementor-element-af0d448 elementor-cta--skin-cover elementor-widget elementor-widget-call-to-action\" data-id=\"af0d448\" data-element_type=\"widget\" data-e-type=\"widget\" data-widget_type=\"call-to-action.default\">\n\t\t\t\t<div class=\"elementor-widget-container\">\n\t\t\t\t\t\t\t<a class=\"elementor-cta\" href=\"\/en\/who-will-comfort-toffle\/\">\n\t\t\t\t\t<div class=\"elementor-cta__bg-wrapper\">\n\t\t\t\t<div class=\"elementor-cta__bg elementor-bg\" style=\"background-image: url(https:\/\/dockteaterntittut.se\/en\/wp-content\/uploads\/2022\/12\/vem-ska-trosta-knyttet.webp);\" role=\"img\" aria-label=\"Vem ska tr\u00f6sta Knyttet?\"><\/div>\n\t\t\t\t<div class=\"elementor-cta__bg-overlay\"><\/div>\n\t\t\t<\/div>\n\t\t\t\t\t\t\t<div class=\"elementor-cta__content\">\n\t\t\t\t\n\t\t\t\t\t\t\t\t\t<h2 class=\"elementor-cta__title elementor-cta__content-item elementor-content-item\">\n\t\t\t\t\t\tWho will comfort toffle?\t\t\t\t\t<\/h2>\n\t\t\t\t\n\t\t\t\t\t\t\t\t\t<div class=\"elementor-cta__description elementor-cta__content-item elementor-content-item\">\n\t\t\t\t\t\t<span style=\"line-height:1.5em\">3 \u2013 9 years<\/span>\t\t\t\t\t<\/div>\n\t\t\t\t\n\t\t\t\t\t\t\t<\/div>\n\t\t\t\t\t\t<\/a>\n\t\t\t\t\t\t<\/div>\n\t\t\t\t<\/div>\n\t\t\t\t\t<\/div>\n\t\t<\/div>\n\t\t\t\t<div class=\"elementor-column elementor-col-33 elementor-top-column elementor-element elementor-element-23336dac elementor-invisible\" data-id=\"23336dac\" data-element_type=\"column\" data-e-type=\"column\" data-settings=\"{&quot;animation&quot;:&quot;fadeInRight&quot;}\">\n\t\t\t<div class=\"elementor-widget-wrap elementor-element-populated\">\n\t\t\t\t\t\t<div class=\"elementor-element elementor-element-525326b1 elementor-cta--skin-cover elementor-widget elementor-widget-call-to-action\" data-id=\"525326b1\" data-element_type=\"widget\" data-e-type=\"widget\" data-widget_type=\"call-to-action.default\">\n\t\t\t\t<div class=\"elementor-widget-container\">\n\t\t\t\t\t\t\t<a class=\"elementor-cta\" href=\"\/en\/about-us\">\n\t\t\t\t\t<div class=\"elementor-cta__bg-wrapper\">\n\t\t\t\t<div class=\"elementor-cta__bg elementor-bg\" style=\"background-image: url(https:\/\/dockteaterntittut.se\/en\/wp-content\/uploads\/2022\/10\/ing-mari-eva-persson-omoss.webp);\" role=\"img\" aria-label=\"ing-mari-eva-persson-omoss\"><\/div>\n\t\t\t\t<div class=\"elementor-cta__bg-overlay\"><\/div>\n\t\t\t<\/div>\n\t\t\t\t\t\t\t<div class=\"elementor-cta__content\">\n\t\t\t\t\n\t\t\t\t\t\t\t\t\t<h2 class=\"elementor-cta__title elementor-cta__content-item elementor-content-item\">\n\t\t\t\t\t\tAbout us\t\t\t\t\t<\/h2>\n\t\t\t\t\n\t\t\t\t\t\t\t\t\t<div class=\"elementor-cta__description elementor-cta__content-item elementor-content-item\">\n\t\t\t\t\t\tSince 1977\t\t\t\t\t<\/div>\n\t\t\t\t\n\t\t\t\t\t\t\t<\/div>\n\t\t\t\t\t\t<\/a>\n\t\t\t\t\t\t<\/div>\n\t\t\t\t<\/div>\n\t\t\t\t\t<\/div>\n\t\t<\/div>\n\t\t\t\t\t<\/div>\n\t\t<\/section>\n\t\t\t\t<section class=\"elementor-section elementor-top-section elementor-element elementor-element-1b18fe6a elementor-section-full_width elementor-section-height-default elementor-section-height-default\" data-id=\"1b18fe6a\" data-element_type=\"section\" data-e-type=\"section\" data-settings=\"{&quot;animation&quot;:&quot;none&quot;}\">\n\t\t\t\t\t\t<div class=\"elementor-container elementor-column-gap-default\">\n\t\t\t\t\t<div class=\"elementor-column elementor-col-33 elementor-top-column elementor-element elementor-element-20500a7f animated-slow elementor-invisible\" data-id=\"20500a7f\" data-element_type=\"column\" data-e-type=\"column\" data-settings=\"{&quot;animation&quot;:&quot;fadeInRight&quot;}\">\n\t\t\t<div class=\"elementor-widget-wrap elementor-element-populated\">\n\t\t\t\t\t\t<div class=\"elementor-element elementor-element-111e2afa elementor-cta--skin-cover elementor-widget elementor-widget-call-to-action\" data-id=\"111e2afa\" data-element_type=\"widget\" data-e-type=\"widget\" data-widget_type=\"call-to-action.default\">\n\t\t\t\t<div class=\"elementor-widget-container\">\n\t\t\t\t\t\t\t<a class=\"elementor-cta\" href=\"\/en\/category\/bla-huset-i-tensta\">\n\t\t\t\t\t<div class=\"elementor-cta__bg-wrapper\">\n\t\t\t\t<div class=\"elementor-cta__bg elementor-bg\" style=\"background-image: url(https:\/\/dockteaterntittut.se\/en\/wp-content\/uploads\/2022\/10\/tittuttensta.jpeg);\" role=\"img\" aria-label=\"tittuttensta\"><\/div>\n\t\t\t\t<div class=\"elementor-cta__bg-overlay\"><\/div>\n\t\t\t<\/div>\n\t\t\t\t\t\t\t<div class=\"elementor-cta__content\">\n\t\t\t\t\n\t\t\t\t\t\t\t\t\t<h2 class=\"elementor-cta__title elementor-cta__content-item elementor-content-item\">\n\t\t\t\t\t\tBl\u00e5 huset\t\t\t\t\t<\/h2>\n\t\t\t\t\n\t\t\t\t\t\t\t\t\t<div class=\"elementor-cta__description elementor-cta__content-item elementor-content-item\">\n\t\t\t\t\t\tin Tensta\t\t\t\t\t<\/div>\n\t\t\t\t\n\t\t\t\t\t\t\t<\/div>\n\t\t\t\t\t\t<\/a>\n\t\t\t\t\t\t<\/div>\n\t\t\t\t<\/div>\n\t\t\t\t\t<\/div>\n\t\t<\/div>\n\t\t\t\t<div class=\"elementor-column elementor-col-33 elementor-top-column elementor-element elementor-element-276b614c animated-slow elementor-invisible\" data-id=\"276b614c\" data-element_type=\"column\" data-e-type=\"column\" data-settings=\"{&quot;animation&quot;:&quot;fadeInRight&quot;}\">\n\t\t\t<div class=\"elementor-widget-wrap\">\n\t\t\t\t\t\t\t<\/div>\n\t\t<\/div>\n\t\t\t\t<div class=\"elementor-column elementor-col-33 elementor-top-column elementor-element elementor-element-29ef8666 animated-slow elementor-invisible\" data-id=\"29ef8666\" data-element_type=\"column\" data-e-type=\"column\" data-settings=\"{&quot;animation&quot;:&quot;fadeInRight&quot;}\">\n\t\t\t<div class=\"elementor-widget-wrap\">\n\t\t\t\t\t\t\t<\/div>\n\t\t<\/div>\n\t\t\t\t\t<\/div>\n\t\t<\/section>\n\t\t\t\t<\/div>\n\t\t","protected":false},"excerpt":{"rendered":"<p>A great little theatrebig experiences In the land of twilight 3 &#8211; 7 years Lorpan&#8217;s longing 2,5 &#8211; 6 years Treo, Enis &amp; one more 2,5 &#8211; 6 years Baby theatre 3 &#8211; 18 months Who will comfort toffle? 3 \u2013 9 years About us Since 1977 Bl\u00e5 huset in Tensta<\/p>\n","protected":false},"author":1,"featured_media":6556,"parent":0,"menu_order":0,"comment_status":"closed","ping_status":"closed","template":"","meta":{"footnotes":""},"class_list":["post-6495","page","type-page","status-publish","has-post-thumbnail","hentry"],"yoast_head":"<!-- This site is optimized with the Yoast SEO plugin v27.3 - https:\/\/yoast.com\/product\/yoast-seo-wordpress\/ -->\n<title>Dockteatern Tittut - Dockteatern Tittut<\/title>\n<meta name=\"description\" content=\"Dockteatern Tittuts ber\u00e4ttelser \u00e4r till synes enkla men f\u00f6rgrenar sig \u00e5t alla h\u00e5ll under ytan. V\u00e5ra f\u00f6rest\u00e4llningar finns p\u00e5 scener i landet.\" \/>\n<meta name=\"robots\" content=\"index, follow, max-snippet:-1, max-image-preview:large, max-video-preview:-1\" \/>\n<link rel=\"canonical\" href=\"https:\/\/dockteaterntittut.se\/en\/\" \/>\n<meta property=\"og:locale\" content=\"en_US\" \/>\n<meta property=\"og:type\" content=\"article\" \/>\n<meta property=\"og:title\" content=\"Ny logga och hemsida!\" \/>\n<meta property=\"og:description\" content=\"V\u00e4lkommen att bes\u00f6ka v\u00e5r nya hemsida! Surfa runt och bekanta dig med v\u00e5r fina nya sida.\" \/>\n<meta property=\"og:url\" content=\"https:\/\/dockteaterntittut.se\/en\/\" \/>\n<meta property=\"og:site_name\" content=\"Dockteatern Tittut\" \/>\n<meta property=\"article:publisher\" content=\"https:\/\/www.facebook.com\/dockteaterntittut\" \/>\n<meta property=\"article:modified_time\" content=\"2026-03-31T12:17:12+00:00\" \/>\n<meta property=\"og:image\" content=\"https:\/\/dockteaterntittut.se\/en\/wp-content\/uploads\/2022\/12\/liten-teater-stora-upplevelser-dockteatern-tittut-4k-1-scaled.webp\" \/>\n\t<meta property=\"og:image:width\" content=\"2560\" \/>\n\t<meta property=\"og:image:height\" content=\"1839\" \/>\n\t<meta property=\"og:image:type\" content=\"image\/webp\" \/>\n<meta name=\"twitter:card\" content=\"summary_large_image\" \/>\n<meta name=\"twitter:label1\" content=\"Est. reading time\" \/>\n\t<meta name=\"twitter:data1\" content=\"1 minute\" \/>\n<script type=\"application\/ld+json\" class=\"yoast-schema-graph\">{\"@context\":\"https:\\\/\\\/schema.org\",\"@graph\":[{\"@type\":\"WebPage\",\"@id\":\"https:\\\/\\\/dockteaterntittut.se\\\/en\\\/\",\"url\":\"https:\\\/\\\/dockteaterntittut.se\\\/en\\\/\",\"name\":\"Dockteatern Tittut - Dockteatern Tittut\",\"isPartOf\":{\"@id\":\"https:\\\/\\\/dockteaterntittut.se\\\/en\\\/#website\"},\"primaryImageOfPage\":{\"@id\":\"https:\\\/\\\/dockteaterntittut.se\\\/en\\\/#primaryimage\"},\"image\":{\"@id\":\"https:\\\/\\\/dockteaterntittut.se\\\/en\\\/#primaryimage\"},\"thumbnailUrl\":\"https:\\\/\\\/dockteaterntittut.se\\\/en\\\/wp-content\\\/uploads\\\/2022\\\/12\\\/liten-teater-stora-upplevelser-dockteatern-tittut-4k-1-scaled.webp\",\"datePublished\":\"2022-12-22T22:24:23+00:00\",\"dateModified\":\"2026-03-31T12:17:12+00:00\",\"description\":\"Dockteatern Tittuts ber\u00e4ttelser \u00e4r till synes enkla men f\u00f6rgrenar sig \u00e5t alla h\u00e5ll under ytan. V\u00e5ra f\u00f6rest\u00e4llningar finns p\u00e5 scener i landet.\",\"breadcrumb\":{\"@id\":\"https:\\\/\\\/dockteaterntittut.se\\\/en\\\/#breadcrumb\"},\"inLanguage\":\"en-US\",\"potentialAction\":[{\"@type\":\"ReadAction\",\"target\":[\"https:\\\/\\\/dockteaterntittut.se\\\/en\\\/\"]}]},{\"@type\":\"ImageObject\",\"inLanguage\":\"en-US\",\"@id\":\"https:\\\/\\\/dockteaterntittut.se\\\/en\\\/#primaryimage\",\"url\":\"https:\\\/\\\/dockteaterntittut.se\\\/en\\\/wp-content\\\/uploads\\\/2022\\\/12\\\/liten-teater-stora-upplevelser-dockteatern-tittut-4k-1-scaled.webp\",\"contentUrl\":\"https:\\\/\\\/dockteaterntittut.se\\\/en\\\/wp-content\\\/uploads\\\/2022\\\/12\\\/liten-teater-stora-upplevelser-dockteatern-tittut-4k-1-scaled.webp\",\"width\":2560,\"height\":1839,\"caption\":\"Dockteatern Tittut\"},{\"@type\":\"BreadcrumbList\",\"@id\":\"https:\\\/\\\/dockteaterntittut.se\\\/en\\\/#breadcrumb\",\"itemListElement\":[{\"@type\":\"ListItem\",\"position\":1,\"name\":\"Home\",\"item\":\"https:\\\/\\\/dockteaterntittut.se\\\/en\\\/\"},{\"@type\":\"ListItem\",\"position\":2,\"name\":\"Dockteatern Tittut\"}]},{\"@type\":\"WebSite\",\"@id\":\"https:\\\/\\\/dockteaterntittut.se\\\/en\\\/#website\",\"url\":\"https:\\\/\\\/dockteaterntittut.se\\\/en\\\/\",\"name\":\"Dockteatern Tittut\",\"description\":\"Liten teater stora upplevelser\",\"publisher\":{\"@id\":\"https:\\\/\\\/dockteaterntittut.se\\\/en\\\/#organization\"},\"potentialAction\":[{\"@type\":\"SearchAction\",\"target\":{\"@type\":\"EntryPoint\",\"urlTemplate\":\"https:\\\/\\\/dockteaterntittut.se\\\/en\\\/?s={search_term_string}\"},\"query-input\":{\"@type\":\"PropertyValueSpecification\",\"valueRequired\":true,\"valueName\":\"search_term_string\"}}],\"inLanguage\":\"en-US\"},{\"@type\":\"Organization\",\"@id\":\"https:\\\/\\\/dockteaterntittut.se\\\/en\\\/#organization\",\"name\":\"Dockteatern Tittut\",\"url\":\"https:\\\/\\\/dockteaterntittut.se\\\/en\\\/\",\"logo\":{\"@type\":\"ImageObject\",\"inLanguage\":\"en-US\",\"@id\":\"https:\\\/\\\/dockteaterntittut.se\\\/en\\\/#\\\/schema\\\/logo\\\/image\\\/\",\"url\":\"https:\\\/\\\/dockteaterntittut.se\\\/en\\\/wp-content\\\/uploads\\\/2022\\\/12\\\/Dockteatern-Logotyp-Original-NoFrame.jpg\",\"contentUrl\":\"https:\\\/\\\/dockteaterntittut.se\\\/en\\\/wp-content\\\/uploads\\\/2022\\\/12\\\/Dockteatern-Logotyp-Original-NoFrame.jpg\",\"width\":810,\"height\":210,\"caption\":\"Dockteatern Tittut\"},\"image\":{\"@id\":\"https:\\\/\\\/dockteaterntittut.se\\\/en\\\/#\\\/schema\\\/logo\\\/image\\\/\"},\"sameAs\":[\"https:\\\/\\\/www.facebook.com\\\/dockteaterntittut\",\"https:\\\/\\\/www.instagram.com\\\/dockteaterntittut\\\/\"]}]}<\/script>\n<!-- \/ Yoast SEO plugin. -->","yoast_head_json":{"title":"Dockteatern Tittut - Dockteatern Tittut","description":"Dockteatern Tittuts ber\u00e4ttelser \u00e4r till synes enkla men f\u00f6rgrenar sig \u00e5t alla h\u00e5ll under ytan. V\u00e5ra f\u00f6rest\u00e4llningar finns p\u00e5 scener i landet.","robots":{"index":"index","follow":"follow","max-snippet":"max-snippet:-1","max-image-preview":"max-image-preview:large","max-video-preview":"max-video-preview:-1"},"canonical":"https:\/\/dockteaterntittut.se\/en\/","og_locale":"en_US","og_type":"article","og_title":"Ny logga och hemsida!","og_description":"V\u00e4lkommen att bes\u00f6ka v\u00e5r nya hemsida! Surfa runt och bekanta dig med v\u00e5r fina nya sida.","og_url":"https:\/\/dockteaterntittut.se\/en\/","og_site_name":"Dockteatern Tittut","article_publisher":"https:\/\/www.facebook.com\/dockteaterntittut","article_modified_time":"2026-03-31T12:17:12+00:00","og_image":[{"width":2560,"height":1839,"url":"https:\/\/dockteaterntittut.se\/en\/wp-content\/uploads\/2022\/12\/liten-teater-stora-upplevelser-dockteatern-tittut-4k-1-scaled.webp","type":"image\/webp"}],"twitter_card":"summary_large_image","twitter_misc":{"Est. reading time":"1 minute"},"schema":{"@context":"https:\/\/schema.org","@graph":[{"@type":"WebPage","@id":"https:\/\/dockteaterntittut.se\/en\/","url":"https:\/\/dockteaterntittut.se\/en\/","name":"Dockteatern Tittut - Dockteatern Tittut","isPartOf":{"@id":"https:\/\/dockteaterntittut.se\/en\/#website"},"primaryImageOfPage":{"@id":"https:\/\/dockteaterntittut.se\/en\/#primaryimage"},"image":{"@id":"https:\/\/dockteaterntittut.se\/en\/#primaryimage"},"thumbnailUrl":"https:\/\/dockteaterntittut.se\/en\/wp-content\/uploads\/2022\/12\/liten-teater-stora-upplevelser-dockteatern-tittut-4k-1-scaled.webp","datePublished":"2022-12-22T22:24:23+00:00","dateModified":"2026-03-31T12:17:12+00:00","description":"Dockteatern Tittuts ber\u00e4ttelser \u00e4r till synes enkla men f\u00f6rgrenar sig \u00e5t alla h\u00e5ll under ytan. V\u00e5ra f\u00f6rest\u00e4llningar finns p\u00e5 scener i landet.","breadcrumb":{"@id":"https:\/\/dockteaterntittut.se\/en\/#breadcrumb"},"inLanguage":"en-US","potentialAction":[{"@type":"ReadAction","target":["https:\/\/dockteaterntittut.se\/en\/"]}]},{"@type":"ImageObject","inLanguage":"en-US","@id":"https:\/\/dockteaterntittut.se\/en\/#primaryimage","url":"https:\/\/dockteaterntittut.se\/en\/wp-content\/uploads\/2022\/12\/liten-teater-stora-upplevelser-dockteatern-tittut-4k-1-scaled.webp","contentUrl":"https:\/\/dockteaterntittut.se\/en\/wp-content\/uploads\/2022\/12\/liten-teater-stora-upplevelser-dockteatern-tittut-4k-1-scaled.webp","width":2560,"height":1839,"caption":"Dockteatern Tittut"},{"@type":"BreadcrumbList","@id":"https:\/\/dockteaterntittut.se\/en\/#breadcrumb","itemListElement":[{"@type":"ListItem","position":1,"name":"Home","item":"https:\/\/dockteaterntittut.se\/en\/"},{"@type":"ListItem","position":2,"name":"Dockteatern Tittut"}]},{"@type":"WebSite","@id":"https:\/\/dockteaterntittut.se\/en\/#website","url":"https:\/\/dockteaterntittut.se\/en\/","name":"Dockteatern Tittut","description":"Liten teater stora upplevelser","publisher":{"@id":"https:\/\/dockteaterntittut.se\/en\/#organization"},"potentialAction":[{"@type":"SearchAction","target":{"@type":"EntryPoint","urlTemplate":"https:\/\/dockteaterntittut.se\/en\/?s={search_term_string}"},"query-input":{"@type":"PropertyValueSpecification","valueRequired":true,"valueName":"search_term_string"}}],"inLanguage":"en-US"},{"@type":"Organization","@id":"https:\/\/dockteaterntittut.se\/en\/#organization","name":"Dockteatern Tittut","url":"https:\/\/dockteaterntittut.se\/en\/","logo":{"@type":"ImageObject","inLanguage":"en-US","@id":"https:\/\/dockteaterntittut.se\/en\/#\/schema\/logo\/image\/","url":"https:\/\/dockteaterntittut.se\/en\/wp-content\/uploads\/2022\/12\/Dockteatern-Logotyp-Original-NoFrame.jpg","contentUrl":"https:\/\/dockteaterntittut.se\/en\/wp-content\/uploads\/2022\/12\/Dockteatern-Logotyp-Original-NoFrame.jpg","width":810,"height":210,"caption":"Dockteatern Tittut"},"image":{"@id":"https:\/\/dockteaterntittut.se\/en\/#\/schema\/logo\/image\/"},"sameAs":["https:\/\/www.facebook.com\/dockteaterntittut","https:\/\/www.instagram.com\/dockteaterntittut\/"]}]}},"_links":{"self":[{"href":"https:\/\/dockteaterntittut.se\/en\/wp-json\/wp\/v2\/pages\/6495","targetHints":{"allow":["GET"]}}],"collection":[{"href":"https:\/\/dockteaterntittut.se\/en\/wp-json\/wp\/v2\/pages"}],"about":[{"href":"https:\/\/dockteaterntittut.se\/en\/wp-json\/wp\/v2\/types\/page"}],"author":[{"embeddable":true,"href":"https:\/\/dockteaterntittut.se\/en\/wp-json\/wp\/v2\/users\/1"}],"replies":[{"embeddable":true,"href":"https:\/\/dockteaterntittut.se\/en\/wp-json\/wp\/v2\/comments?post=6495"}],"version-history":[{"count":99,"href":"https:\/\/dockteaterntittut.se\/en\/wp-json\/wp\/v2\/pages\/6495\/revisions"}],"predecessor-version":[{"id":7378,"href":"https:\/\/dockteaterntittut.se\/en\/wp-json\/wp\/v2\/pages\/6495\/revisions\/7378"}],"wp:featuredmedia":[{"embeddable":true,"href":"https:\/\/dockteaterntittut.se\/en\/wp-json\/wp\/v2\/media\/6556"}],"wp:attachment":[{"href":"https:\/\/dockteaterntittut.se\/en\/wp-json\/wp\/v2\/media?parent=6495"}],"curies":[{"name":"wp","href":"https:\/\/api.w.org\/{rel}","templated":true}]}}